{"id":58,"date":"2021-07-16T01:12:55","date_gmt":"2021-07-16T04:12:55","guid":{"rendered":"https:\/\/topservicedesk.com.br\/?page_id=58"},"modified":"2022-02-22T13:52:14","modified_gmt":"2022-02-22T16:52:14","slug":"carrinho","status":"publish","type":"page","link":"https:\/\/topservicedesk.com.br\/index.php\/carrinho\/","title":{"rendered":"Carrinho"},"content":{"rendered":"<p>[et_pb_section fb_built=&#8221;1&#8243; admin_label=&#8221;Our Services&#8221; _builder_version=&#8221;3.22&#8243; custom_padding=&#8221;34px|||||&#8221; global_colors_info=&#8221;{}&#8221;][et_pb_row _builder_version=&#8221;3.25&#8243; custom_margin=&#8221;|||&#8221; custom_padding=&#8221;|||&#8221; global_colors_info=&#8221;{}&#8221;][et_pb_column type=&#8221;4_4&#8243; _builder_version=&#8221;3.25&#8243; custom_padding=&#8221;|||&#8221; global_colors_info=&#8221;{}&#8221; custom_padding__hover=&#8221;|||&#8221;][et_pb_text _builder_version=&#8221;4.9.9&#8243; text_font=&#8221;Share Tech||||||||&#8221; text_text_color=&#8221;rgba(0,0,0,0.02)&#8221; text_font_size=&#8221;76px&#8221; text_line_height=&#8221;1em&#8221; header_font=&#8221;||||||||&#8221; header_2_font=&#8221;Share Tech||||||||&#8221; header_2_font_size=&#8221;48px&#8221; header_2_line_height=&#8221;1.4em&#8221; text_orientation=&#8221;center&#8221; custom_margin=&#8221;-4px||30px||false|&#8221; custom_margin_tablet=&#8221;||0px|&#8221; custom_margin_phone=&#8221;&#8221; custom_margin_last_edited=&#8221;on|tablet&#8221; text_font_size_tablet=&#8221;80px&#8221; text_font_size_phone=&#8221;60px&#8221; text_font_size_last_edited=&#8221;on|desktop&#8221; header_2_font_size_tablet=&#8221;&#8221; header_2_font_size_phone=&#8221;36px&#8221; header_2_font_size_last_edited=&#8221;on|phone&#8221; global_colors_info=&#8221;{}&#8221;]<\/p>\n<p><span style=\"color: rgba(10, 10, 10, 0.78);\">Carrinho<\/span><\/p>\n<p>[\/et_pb_text][\/et_pb_column][\/et_pb_row][et_pb_row _builder_version=&#8221;4.9.9&#8243; _module_preset=&#8221;default&#8221; global_colors_info=&#8221;{}&#8221;][et_pb_column type=&#8221;4_4&#8243; _builder_version=&#8221;4.9.9&#8243; _module_preset=&#8221;default&#8221; global_colors_info=&#8221;{}&#8221;][et_pb_pricing_tables show_bullet=&#8221;off&#8221; _builder_version=&#8221;4.9.9&#8243; _module_preset=&#8221;default&#8221; price_font_size=&#8221;48px&#8221; global_colors_info=&#8221;{}&#8221;][et_pb_pricing_table title=&#8221;Consultoria &#8211; Pessoa Jur\u00eddica&#8221; sum=&#8221;Valor indicado por or\u00e7amento&#8221; _builder_version=&#8221;4.9.9&#8243; _module_preset=&#8221;default&#8221; price_text_color=&#8221;#ffa928&#8243; currency_frequency_text_color=&#8221;#000000&#8243; global_colors_info=&#8221;{}&#8221; button_text__hover_enabled=&#8221;off|desktop&#8221; sticky_transition=&#8221;on&#8221;]<\/p>\n<p><strong>Consultoria:<\/strong> Mapeamento dos Processos; Identifica\u00e7\u00e3o dos Indicadores de Desempenho; Desenho do Fluxo dos Processos; Desenvolvimento dos Procedimentos Operacionais \u2013 Atendimento ao Cliente.<\/p>\n<p><strong>Treinamentos da Equipe:<\/strong> Treinamento de Atendentes e Lideres de Equipes.<\/p>\n<p>[\/et_pb_pricing_table][\/et_pb_pricing_tables][et_pb_button button_url=&#8221;@ET-DC@eyJkeW5hbWljIjp0cnVlLCJjb250ZW50IjoicG9zdF9saW5rX3VybF9wYWdlIiwic2V0dGluZ3MiOnsicG9zdF9pZCI6IjI4MyJ9fQ==@&#8221; button_text=&#8221;REALIZAR OR\u00c7AMENTO&#8221; button_alignment=&#8221;center&#8221; _builder_version=&#8221;4.9.9&#8243; _dynamic_attributes=&#8221;button_url&#8221; _module_preset=&#8221;default&#8221; custom_button=&#8221;on&#8221; button_text_color=&#8221;#0a8cad&#8221; global_colors_info=&#8221;{}&#8221;][\/et_pb_button][\/et_pb_column][\/et_pb_row][et_pb_row column_structure=&#8221;1_2,1_2&#8243; _builder_version=&#8221;4.9.9&#8243; _module_preset=&#8221;default&#8221; global_colors_info=&#8221;{}&#8221;][et_pb_column type=&#8221;1_2&#8243; _builder_version=&#8221;4.9.9&#8243; _module_preset=&#8221;default&#8221; global_colors_info=&#8221;{}&#8221;][et_pb_pricing_tables show_bullet=&#8221;off&#8221; _builder_version=&#8221;4.9.9&#8243; _module_preset=&#8221;default&#8221; global_colors_info=&#8221;{}&#8221;][et_pb_pricing_table title=&#8221;PF | Treinamento &#8211; Atendimento&#8221; subtitle=&#8221;DATA A DEFINIR&#8221; currency=&#8221;R$&#8221; sum=&#8221;200&#8243; _builder_version=&#8221;4.9.9&#8243; _module_preset=&#8221;default&#8221; price_text_color=&#8221;#ffa928&#8243; currency_frequency_text_color=&#8221;#000000&#8243; global_colors_info=&#8221;{}&#8221; button_text__hover_enabled=&#8221;off|desktop&#8221; sticky_transition=&#8221;on&#8221;]<\/p>\n<p>Treinamento de atendimento ao cliente com a aplica\u00e7\u00e3o da metodologia TOP Service Desk.<\/p>\n<p>[\/et_pb_pricing_table][\/et_pb_pricing_tables][et_pb_button button_url=&#8221;#et_pb_contact_form_carrinho&#8221; button_text=&#8221;QUERO ESTE TREINAMENTO&#8221; button_alignment=&#8221;center&#8221; _builder_version=&#8221;4.9.10&#8243; _module_preset=&#8221;default&#8221; custom_button=&#8221;on&#8221; button_text_color=&#8221;#0a8cad&#8221; global_colors_info=&#8221;{}&#8221;][\/et_pb_button][\/et_pb_column][et_pb_column type=&#8221;1_2&#8243; _builder_version=&#8221;4.9.9&#8243; _module_preset=&#8221;default&#8221; global_colors_info=&#8221;{}&#8221;][et_pb_pricing_tables show_bullet=&#8221;off&#8221; _builder_version=&#8221;4.9.9&#8243; _module_preset=&#8221;default&#8221; global_colors_info=&#8221;{}&#8221;][et_pb_pricing_table title=&#8221;PF |Treinamento &#8211; Gest\u00e3o&#8221; subtitle=&#8221;DATA A DEFINIR&#8221; currency=&#8221;R$&#8221; sum=&#8221;500&#8243; _builder_version=&#8221;4.9.9&#8243; _module_preset=&#8221;default&#8221; price_text_color=&#8221;#ffa928&#8243; currency_frequency_text_color=&#8221;#000000&#8243; global_colors_info=&#8221;{}&#8221; sticky_transition=&#8221;on&#8221;]<\/p>\n<p>Treinamento de gest\u00e3o de equipe de atendimento ao cliente aplicando o melhor da metodologia TOP Service Desk.<\/p>\n<p>[\/et_pb_pricing_table][\/et_pb_pricing_tables][et_pb_button button_url=&#8221;#et_pb_contact_form_carrinho&#8221; button_text=&#8221;QUERO ESTE TREINAMENTO&#8221; button_alignment=&#8221;center&#8221; _builder_version=&#8221;4.9.10&#8243; _module_preset=&#8221;default&#8221; custom_button=&#8221;on&#8221; button_text_color=&#8221;#0a8cad&#8221; global_colors_info=&#8221;{}&#8221;][\/et_pb_button][\/et_pb_column][\/et_pb_row][\/et_pb_section][et_pb_section fb_built=&#8221;1&#8243; custom_padding_last_edited=&#8221;off|desktop&#8221; admin_label=&#8221;Footer&#8221; _builder_version=&#8221;4.9.9&#8243; background_enable_color=&#8221;off&#8221; use_background_color_gradient=&#8221;on&#8221; background_color_gradient_start=&#8221;rgba(224,153,0,0.82)&#8221; background_color_gradient_end=&#8221;rgba(65,152,172,0.9)&#8221; background_color_gradient_direction=&#8221;140deg&#8221; background_color_gradient_overlays_image=&#8221;on&#8221; background_image=&#8221;\/\/i3.wp.com\/topservicedesk.com.br\/wp-content\/uploads\/2021\/07\/fundo2.png&#8221; custom_margin=&#8221;|||&#8221; custom_padding=&#8221;120px|0px|120px|0px|true|false&#8221; custom_padding_tablet=&#8221;10vw||10vw||true&#8221; custom_padding_phone=&#8221;5vw||5vw||true&#8221; locked=&#8221;off&#8221; global_colors_info=&#8221;{}&#8221;][et_pb_row use_custom_gutter=&#8221;on&#8221; _builder_version=&#8221;3.25&#8243; custom_padding=&#8221;|||&#8221; use_custom_width=&#8221;on&#8221; global_colors_info=&#8221;{}&#8221;][et_pb_column type=&#8221;4_4&#8243; _builder_version=&#8221;3.25&#8243; custom_padding=&#8221;|||&#8221; global_colors_info=&#8221;{}&#8221; custom_padding__hover=&#8221;|||&#8221;][et_pb_contact_form title=&#8221;Nos envie suas informa\u00e7\u00f5es para compra&#8221; success_message=&#8221;Sua inten\u00e7\u00e3o de compra foi registrada com sucesso! Em breve retornaremos para continuarmos com o processo de venda.&#8221; submit_button_text=&#8221;Enviar&#8221; module_id=&#8221;et_pb_contact_form_carrinho&#8221; _builder_version=&#8221;4.14.8&#8243; _unique_id=&#8221;589ccd32-b06a-46da-9c65-70363d9b01bf&#8221; form_field_background_color=&#8221;rgba(0,0,0,0)&#8221; form_field_text_color=&#8221;#FFFFFF&#8221; title_level=&#8221;h2&#8243; title_font=&#8221;Share Tech||||||||&#8221; title_text_color=&#8221;#ffffff&#8221; title_font_size=&#8221;50px&#8221; title_line_height=&#8221;1.2em&#8221; captcha_text_color=&#8221;#FFFFFF&#8221; form_field_font=&#8221;Open Sans|700|||||||&#8221; form_field_letter_spacing=&#8221;2px&#8221; form_field_line_height=&#8221;1.8em&#8221; custom_button=&#8221;on&#8221; button_text_size=&#8221;15px&#8221; button_text_color=&#8221;#ffffff&#8221; button_bg_color=&#8221;#ffa727&#8243; button_border_width=&#8221;10px&#8221; button_border_color=&#8221;#ffa727&#8243; button_border_radius=&#8221;100px&#8221; button_letter_spacing=&#8221;5px&#8221; button_font=&#8221;Open Sans|700||on|||||&#8221; button_use_icon=&#8221;off&#8221; hover_enabled=&#8221;0&#8243; button_text_size_last_edited=&#8221;off|desktop&#8221; custom_css_captcha_field=&#8221;border-bottom-color: #ffffff !important;&#8221; border_width_bottom=&#8221;2px&#8221; border_color_bottom=&#8221;#ffffff&#8221; form_background_color=&#8221;rgba(0,0,0,0)&#8221; global_colors_info=&#8221;{}&#8221; button_bg_color_hover=&#8221;#ff8a3d&#8221; button_border_color_hover=&#8221;#ff8a3d&#8221; button_border_radius_hover=&#8221;100px&#8221; button_letter_spacing_hover=&#8221;5px&#8221; custom_message=&#8221;Nome: %%Nome%%||et_pb_line_break_holder||E-mail: %%E-mail%%||et_pb_line_break_holder||Telefone: %%Telefone%%||et_pb_line_break_holder||||et_pb_line_break_holder||Treinamento Escolhido: %%Treinamento%%&#8221; email=&#8221;contato@topservicedesk.com.br&#8221; sticky_enabled=&#8221;0&#8243;][et_pb_contact_field field_id=&#8221;Nome&#8221; field_title=&#8221;Nome&#8221; _builder_version=&#8221;4.9.9&#8243; form_field_focus_text_color=&#8221;#FFFFFF&#8221; global_colors_info=&#8221;{}&#8221; button_text_size__hover_enabled=&#8221;off&#8221; button_one_text_size__hover_enabled=&#8221;off&#8221; button_two_text_size__hover_enabled=&#8221;off&#8221; button_text_color__hover_enabled=&#8221;off&#8221; button_one_text_color__hover_enabled=&#8221;off&#8221; button_two_text_color__hover_enabled=&#8221;off&#8221; button_border_width__hover_enabled=&#8221;off&#8221; button_one_border_width__hover_enabled=&#8221;off&#8221; button_two_border_width__hover_enabled=&#8221;off&#8221; button_border_color__hover_enabled=&#8221;off&#8221; button_one_border_color__hover_enabled=&#8221;off&#8221; button_two_border_color__hover_enabled=&#8221;off&#8221; button_border_radius__hover_enabled=&#8221;off&#8221; button_one_border_radius__hover_enabled=&#8221;off&#8221; button_two_border_radius__hover_enabled=&#8221;off&#8221; button_letter_spacing__hover_enabled=&#8221;off&#8221; button_one_letter_spacing__hover_enabled=&#8221;off&#8221; button_two_letter_spacing__hover_enabled=&#8221;off&#8221; button_bg_color__hover_enabled=&#8221;off&#8221; button_one_bg_color__hover_enabled=&#8221;off&#8221; button_two_bg_color__hover_enabled=&#8221;off&#8221;][\/et_pb_contact_field][et_pb_contact_field field_id=&#8221;E-mail&#8221; field_title=&#8221;Endere\u00e7o de e-mail&#8221; field_type=&#8221;email&#8221; _builder_version=&#8221;4.9.9&#8243; form_field_focus_text_color=&#8221;#FFFFFF&#8221; global_colors_info=&#8221;{}&#8221; button_text_size__hover_enabled=&#8221;off&#8221; button_one_text_size__hover_enabled=&#8221;off&#8221; button_two_text_size__hover_enabled=&#8221;off&#8221; button_text_color__hover_enabled=&#8221;off&#8221; button_one_text_color__hover_enabled=&#8221;off&#8221; button_two_text_color__hover_enabled=&#8221;off&#8221; button_border_width__hover_enabled=&#8221;off&#8221; button_one_border_width__hover_enabled=&#8221;off&#8221; button_two_border_width__hover_enabled=&#8221;off&#8221; button_border_color__hover_enabled=&#8221;off&#8221; button_one_border_color__hover_enabled=&#8221;off&#8221; button_two_border_color__hover_enabled=&#8221;off&#8221; button_border_radius__hover_enabled=&#8221;off&#8221; button_one_border_radius__hover_enabled=&#8221;off&#8221; button_two_border_radius__hover_enabled=&#8221;off&#8221; button_letter_spacing__hover_enabled=&#8221;off&#8221; button_one_letter_spacing__hover_enabled=&#8221;off&#8221; button_two_letter_spacing__hover_enabled=&#8221;off&#8221; button_bg_color__hover_enabled=&#8221;off&#8221; button_one_bg_color__hover_enabled=&#8221;off&#8221; button_two_bg_color__hover_enabled=&#8221;off&#8221;][\/et_pb_contact_field][et_pb_contact_field field_id=&#8221;Telefone&#8221; field_title=&#8221;Telefone&#8221; _builder_version=&#8221;4.9.9&#8243; _module_preset=&#8221;default&#8221; form_field_focus_text_color=&#8221;#FFFFFF&#8221; width=&#8221;50%&#8221; global_colors_info=&#8221;{}&#8221;][\/et_pb_contact_field][et_pb_contact_field field_id=&#8221;Treinamento&#8221; field_title=&#8221;Treinamento&#8221; field_type=&#8221;select&#8221; select_options=&#8221;%91{%22value%22:%22Atendimento%22,%22checked%22:0,%22dragID%22:-1},{%22value%22:%22Gest\u00e3o%22,%22checked%22:0,%22dragID%22:0}%93&#8243; _builder_version=&#8221;4.9.9&#8243; _module_preset=&#8221;default&#8221; form_field_focus_background_color=&#8221;#FFFFFF&#8221; form_field_focus_text_color=&#8221;#000000&#8243; width=&#8221;50%&#8221; module_alignment=&#8221;right&#8221; global_colors_info=&#8221;{}&#8221;][\/et_pb_contact_field][et_pb_contact_field field_id=&#8221;Confirmacao_lgpd&#8221; field_title=&#8221;Confirme abaixo&#8221; field_type=&#8221;checkbox&#8221; checkbox_options=&#8221;%91{%22value%22:%22Aceito o compartilhamento dessas informa\u00e7\u00f5es com a TOP Service Desk conforme %22,%22checked%22:0,%22dragID%22:-1,%22link_url%22:%22https:\/\/topservicedesk.com.br\/index.php\/politica-de-privacidade%22,%22link_text%22:%22Pol\u00edtica de Privacidade.%22}%93&#8243; fullwidth_field=&#8221;on&#8221; _builder_version=&#8221;4.9.10&#8243; _module_preset=&#8221;default&#8221; form_field_text_color=&#8221;#FFFFFF&#8221; form_field_focus_background_color=&#8221;RGBA(0,0,0,0)&#8221; form_field_focus_text_color=&#8221;#FFFFFF&#8221; form_field_font=&#8221;Open Sans|700|||||||&#8221; custom_css_main_element=&#8221;color: #fff;&#8221; global_colors_info=&#8221;{}&#8221;][\/et_pb_contact_field][\/et_pb_contact_form][\/et_pb_column][\/et_pb_row][\/et_pb_section]<\/p>\n","protected":false},"excerpt":{"rendered":"<p>CarrinhoConsultoria: Mapeamento dos Processos; Identifica\u00e7\u00e3o dos Indicadores de Desempenho; Desenho do Fluxo dos Processos; Desenvolvimento dos Procedimentos Operacionais \u2013 Atendimento ao Cliente. Treinamentos da Equipe: Treinamento de Atendentes e Lideres de Equipes.Treinamento de atendimento ao cliente com a aplica\u00e7\u00e3o da metodologia TOP Service Desk.Treinamento de gest\u00e3o de equipe de atendimento ao cliente aplicando o melhor [&hellip;]<\/p>\n","protected":false},"author":1,"featured_media":0,"parent":0,"menu_order":0,"comment_status":"closed","ping_status":"closed","template":"","meta":{"_et_pb_use_builder":"on","_et_pb_old_content":"<!-- wp:divi\/placeholder \/-->","_et_gb_content_width":"","footnotes":""},"class_list":["post-58","page","type-page","status-publish","hentry"],"aioseo_notices":[],"_links":{"self":[{"href":"https:\/\/topservicedesk.com.br\/index.php\/wp-json\/wp\/v2\/pages\/58","targetHints":{"allow":["GET"]}}],"collection":[{"href":"https:\/\/topservicedesk.com.br\/index.php\/wp-json\/wp\/v2\/pages"}],"about":[{"href":"https:\/\/topservicedesk.com.br\/index.php\/wp-json\/wp\/v2\/types\/page"}],"author":[{"embeddable":true,"href":"https:\/\/topservicedesk.com.br\/index.php\/wp-json\/wp\/v2\/users\/1"}],"replies":[{"embeddable":true,"href":"https:\/\/topservicedesk.com.br\/index.php\/wp-json\/wp\/v2\/comments?post=58"}],"version-history":[{"count":1,"href":"https:\/\/topservicedesk.com.br\/index.php\/wp-json\/wp\/v2\/pages\/58\/revisions"}],"predecessor-version":[{"id":710,"href":"https:\/\/topservicedesk.com.br\/index.php\/wp-json\/wp\/v2\/pages\/58\/revisions\/710"}],"wp:attachment":[{"href":"https:\/\/topservicedesk.com.br\/index.php\/wp-json\/wp\/v2\/media?parent=58"}],"curies":[{"name":"wp","href":"https:\/\/api.w.org\/{rel}","templated":true}]}}